{"id":93,"date":"2020-01-15T08:34:32","date_gmt":"2020-01-15T08:34:32","guid":{"rendered":"https:\/\/bridge315.qodeinteractive.com\/?post_type=product&#038;p=93"},"modified":"2026-04-16T09:14:34","modified_gmt":"2026-04-16T09:14:34","slug":"isterninger-25kg-tilbud","status":"publish","type":"product","link":"https:\/\/flamingois.dk\/index.php\/product\/isterninger-25kg-tilbud\/","title":{"rendered":"ISTERNINGER 25kg Inkl. Flamingot\u00f8nde til brug i drinks og til nedk\u00f8ling"},"content":{"rendered":"<h2>Hoshizaki, som Profesionelle bartendere bruger til drinks<\/h2>\n<p>&nbsp;<\/p>\n<h3>Store, klare Isterninger i 25kg flamingot\u00f8nde.<\/h3>\n<p>Forseglet og pakket til at holde i op til 24 timer.<\/p>\n<p>Isen leveres direkte til d\u00f8ren eller kan afhentes p\u00e5 <a href=\"https:\/\/www.google.com\/search?q=raffinaderivej+10+2300+k%C3%B8benhavn+s&amp;source=hp&amp;ei=nWPyYufIGsm-xc8PlIulyAM&amp;iflsig=AJiK0e8AAAAAYvJxrVYCHTquR7d44CJIcmVyA8JeHfdq&amp;oq=raffinaderi&amp;gs_lcp=Cgdnd3Mtd2l6EAMYBDIFCAAQgAQyBQgAEIAEMgUIABCABDIFCAAQgAQyBQgAEIAEMgUIABCABDIOCC4QgAQQxwEQrwEQ1AIyBQgAEIAEMgUIABCABDIFCAAQgAQ6EQguEIAEELEDEIMBEMcBENEDOhQILhCABBCxAxCDARDHARCvARDUAjoOCC4QgAQQsQMQxwEQ0QM6CAguELEDEIMBOhEILhCABBCxAxDHARCvARDUAjoICC4QgAQQ1AI6CAgAEIAEELEDOggIABCxAxCDAToICC4QgAQQsQM6CwguEIAEELEDEIMBOgsILhCABBCxAxDUAjoLCAAQgAQQsQMQgwE6DgguEIAEELEDEIMBENQCOgUILhCABFAAWKELYI0YaABwAHgBgAHlAYgBqAqSAQUzLjcuMZgBAKABAQ&amp;sclient=gws-wiz\" target=\"_blank\" rel=\"noopener\">Raffinaderivej 10 &#8211; Bygning H, 2300 K\u00f8benhavn S<\/a><\/p>\n<p>Flamingois er en del af Only Events og har f\u00f8devaregodkendelse til at isen kan bruges til b\u00e5de nedk\u00f8ling og servering i drinks.<\/p>\n<p>Vi anbefaler 25kg isterninger til ca. 100 drinks.<\/p>\n<p>Isen leveres i hele <strong>K\u00f8benhavn, p\u00e5 Sj\u00e6lland, Fyn og Jylland<\/strong>.<\/p>\n<p>&nbsp;<\/p>\n<h3><strong>Ved levering<\/strong><\/h3>\n<p>Du indtaster postnummer ved kassen, hvorefter transportomkostningerne automatisk udregnes.<\/p>\n<p>&nbsp;<\/p>\n<h3><strong>Ved afhentning<\/strong><\/h3>\n<p>Du taster &#8220;9999&#8221; eller udelader postnummer-feltet og trykker herefter p\u00e5 afhentnings-knappen nederst p\u00e5 siden.<\/p>\n<p>&nbsp;<\/p>\n<p>Vi bruger de samme isterninger til vores mobile barl\u00f8sninger hos <a href=\"https:\/\/cocktaiils.dk\" target=\"_blank\" rel=\"noopener\">Cocktaiils.dk<\/a><\/p>\n<p>Du kan derfor altid regne med at bruge den rigtige type is hos os.<\/p>\n<p>&nbsp;<\/p>\n<h3><strong>Skal jeg v\u00e6lge knust eller terninger?<\/strong><\/h3>\n<p>Vi plejer at sige det s\u00e5dan;<\/p>\n<p>terninger holder l\u00e6ngst og er bedst til drinks, knust smelter hurtigere, men ser flottere ud i fx. en Champagnebowle til nedk\u00f8ling.<\/p>\n<p>T\u00e6nk is\u00e6r over, hvilke drinks du skal bruge det til &#8211;<\/p>\n<p>Fx.<\/p>\n<p><strong>Mojito &#8211; <a href=\"https:\/\/flamingois.dk\/index.php\/product\/knust-is-25kg\/\">Knust is<\/a><\/strong><\/p>\n<p><strong>Dark and Stormy &#8211; Isterninger<\/strong><\/p>\n<p>&nbsp;<\/p>\n","protected":false},"excerpt":{"rendered":"<p>25kg Isterninger pakket i f\u00f8devaregodkendte poser og forseglet i flamingot\u00f8nde, der holder isen kold i op til 36 timer.<\/p>\n","protected":false},"featured_media":789,"comment_status":"open","ping_status":"closed","template":"","meta":[],"product_brand":[],"product_cat":[19,30],"product_tag":[],"class_list":{"0":"post-93","1":"product","2":"type-product","3":"status-publish","4":"has-post-thumbnail","6":"product_cat-isterninger","7":"product_cat-isterninger-varer","9":"first","10":"instock","11":"sale","12":"taxable","13":"shipping-taxable","14":"purchasable","15":"product-type-simple"},"_links":{"self":[{"href":"https:\/\/flamingois.dk\/index.php\/wp-json\/wp\/v2\/product\/93","targetHints":{"allow":["GET"]}}],"collection":[{"href":"https:\/\/flamingois.dk\/index.php\/wp-json\/wp\/v2\/product"}],"about":[{"href":"https:\/\/flamingois.dk\/index.php\/wp-json\/wp\/v2\/types\/product"}],"replies":[{"embeddable":true,"href":"https:\/\/flamingois.dk\/index.php\/wp-json\/wp\/v2\/comments?post=93"}],"wp:featuredmedia":[{"embeddable":true,"href":"https:\/\/flamingois.dk\/index.php\/wp-json\/wp\/v2\/media\/789"}],"wp:attachment":[{"href":"https:\/\/flamingois.dk\/index.php\/wp-json\/wp\/v2\/media?parent=93"}],"wp:term":[{"taxonomy":"product_brand","embeddable":true,"href":"https:\/\/flamingois.dk\/index.php\/wp-json\/wp\/v2\/product_brand?post=93"},{"taxonomy":"product_cat","embeddable":true,"href":"https:\/\/flamingois.dk\/index.php\/wp-json\/wp\/v2\/product_cat?post=93"},{"taxonomy":"product_tag","embeddable":true,"href":"https:\/\/flamingois.dk\/index.php\/wp-json\/wp\/v2\/product_tag?post=93"}],"curies":[{"name":"wp","href":"https:\/\/api.w.org\/{rel}","templated":true}]}}